{"id":3,"date":"2025-03-21T20:08:10","date_gmt":"2025-03-21T20:08:10","guid":{"rendered":"http:\/\/recrew.mx\/?page_id=3"},"modified":"2025-03-25T02:45:38","modified_gmt":"2025-03-25T02:45:38","slug":"politica-de-privacidad","status":"publish","type":"page","link":"https:\/\/recrew.mx\/en\/politica-de-privacidad\/","title":{"rendered":"Pol\u00edtica de privacidad"},"content":{"rendered":"<h2>PRIVACY NOTICE FOR CLIENTS AND PROVIDERS<\/h2>\n<p>PRIVACY NOTICE FOR RECREW<\/p>\n<h4>I. Identification of the Responsible Party and Processing of Personal Data.<\/h4>\n<p>De conformidad con lo establecido en el Art\u00edculo 17, fracci\u00f3n II de la Ley Federal de Protecci\u00f3n de Datos Personales en Posesi\u00f3n de los Particulares, le informamos que Recrew, con domicilio en Plaza Delphi, Boulevard Antonio L Rodr\u00edguez No. 3058, Interior 301, Col. Santa Mar\u00eda CP 64650 Monterrey, NL. (la &#8220;Direcci\u00f3n de Contacto&#8221;) tratar\u00e1 los datos personales que recabe de usted en los t\u00e9rminos del presente aviso de privacidad.<\/p>\n<h4>II. Purposes.<\/h4>\n<p>The processing will be carried out for the following purposes:<\/p>\n<p>A. Necessary for the legal relationship with the responsible party:<\/p>\nI. To evaluate you for hiring;<br \/>\nII. To ensure legal certainty;<br \/>\nIII. For billing;<br \/>\nIV. To provide the service.\n<p>B. Other:<\/p>\n<p>I. To make transfers with your personal data to third parties according to the privacy notice.<\/p>\n<p>In order to achieve the aforementioned purposes, the following personal data will be processed: company name, address, registration data, RFC, certificate of incorporation or its data, proof of address, as well as the data of the legal representative, such as name, paternal surname, maternal surname, official identification.<\/p>\n<h4>III. Options to Limit the Use or Disclosure of Your Personal Data.<\/h4>\n<p>El Responsable ha designado a un encargado de datos personales (el &#8220;Oficial de Privacidad&#8221;), por lo tanto, usted podr\u00e1 limitar el uso o divulgaci\u00f3n de sus datos personales de manera personal ante el Responsable, mediante solicitud que deber\u00e1 presentar en la Direcci\u00f3n de Contacto.<\/p>\n<h4>IV. Medios para revocar el consentimiento para el tratamiento de datos personales.<\/h4>\n<p>You may revoke your consent for the processing of your personal data by submitting a written request to the Privacy Officer at the Contact Address. In case the Responsible Party has requested consent for the processing of your personal data through electronic communication, you may revoke your consent by sending an email to\u00a0<a title=\"mailto:comercial@gripgroup.mx\" contenteditable=\"false\" href=\"mailto:comercial@gripgroup.mx\">comercial@gripgroup.mx<\/a>.<\/p>\n<h4><strong>V. Means to Exercise ARCO Rights.<\/strong><\/h4>\n<p>Usted tiene el derecho de: (i) acceder a sus datos personales en nuestro poder y conocer los detalles del tratamiento de los mismos, (ii) rectificarlos en caso de ser inexactos o incompletos, (iii) cancelarlos cuando considere que no se requieren para alguna de las finalidades se\u00f1aladas en el presente aviso de privacidad, est\u00e9n siendo utilizados para finalidades no consentidas o haya finalizado la relaci\u00f3n contractual o de servicio, o (iv) oponerse al tratamiento de los mismos para fines espec\u00edficos, seg\u00fan lo diga la ley, (conjuntamente, los &#8220;Derechos ARCO&#8221;).<\/p>\n<p>Para el ejercicio de sus Derechos ARCO, deber\u00e1 presentar una solicitud (la &#8220;Solicitud ARCO&#8221;), al Responsable, a la atenci\u00f3n del Oficial de Privacidad, a la Direcci\u00f3n de Contacto, acompa\u00f1ada de la siguiente informaci\u00f3n y documentaci\u00f3n:<\/p>\n<ol>\n<li>Your name, address, and email address to communicate the response to your ARCO Request;<\/li>\n<li>A copy of the documents proving your identity (copy of IFE, passport, or any other official identification) or, if applicable, the documents proving your legal representation, the original of which must be presented to receive the response from the Responsible Party;<\/li>\n<li>A clear and precise description of the personal data regarding which you seek to exercise any of the ARCO Rights;<\/li>\n<li>Any document or information that facilitates locating your personal data; and<\/li>\n<li>In case of requesting a rectification of your personal data, you must also indicate the modifications to be made and provide supporting documentation for your request.<\/li>\n<\/ol>\n<p>The Privacy Officer will respond to your ARCO Request and the reasons for the decision by email within a maximum of 20 business days from the date the ARCO Request is received. If the ARCO Request is approved, the requested changes will be made within a maximum of 15 business days. The Responsible Party may notify you, within the referenced deadlines, of a one-time extension for an equal period.<\/p>\n<p>El Responsable podr\u00e1 negar el acceso (la &#8220;Negativa&#8221;) para que usted ejerza sus Derechos ARCO, en los supuestos que lo permita la ley, por lo que deber\u00e1 informar a usted el motivo de tal decisi\u00f3n.<\/p>\n<p>The Denial may be partial, in which case the Responsible Party will process the access, rectification, cancellation, or opposition of the applicable part.<\/p>\n<p>Exercising ARCO Rights is free of charge, but if you submit a request within less than twelve months, the costs will be equivalent to three current Minimum Wage Days in the Federal District, plus VAT, unless there are substantial modifications to the Privacy Notice that justify new ARCO Requests. You will need to cover the justified shipping costs or the cost of reproducing copies or other formats, and, if applicable, the cost of certifying documents.<\/p>\n<h4><strong>VI. Changes or Modifications to the Privacy Notice.<\/strong><\/h4>\n<p>The Responsible Party reserves the right to make modifications or updates to this privacy notice at any time. Any changes will be communicated to you by publishing a notice on the Responsible Party\u2019s website, so we recommend checking it frequently.<\/p>\n<p>In the event of a security breach at any phase of personal data processing that significantly affects your patrimonial or moral rights, the Privacy Officer will immediately notify you by email of the security breach so you can take necessary measures to defend your rights. If we do not have your email, the notification will be published on the Responsible Party\u2019s website.<\/p>\n<h4><strong>VII. Transfers of Your Personal Data.<\/strong><\/h4>\n<p>Your personal data will not be transferred to third parties not related to the Responsible Party.<\/p>\n<h4><strong>VIII. COOKIES<\/strong><\/h4>\n<p>We inform you that Recrew uses cookies for various purposes, including storing information to determine the best way to communicate with systems and identify site users. A cookie is a small file that a web server temporarily stores through your web browser to be used later. The purpose of the cookie is not for the web server to access and use your private information. However, if you provide personal information, it will be stored in the cookie. You can also limit the function of the cookie if you do not want Recrew to access it.<\/p>\n<h4><strong>IX. SECURITY<\/strong><\/h4>\n<p>We inform you that Recrew uses technical and organizational security measures to protect your information from manipulation, loss, destruction, or unauthorized access. Any personal information provided to Recrew will be encoded during transmission to prevent potential misuse by third parties. Our security procedures are continuously reviewed, based on new technological developments.<\/p>","protected":false},"excerpt":{"rendered":"<p>AVISO PRIVACIDAD CLIENTES Y PROVEEDORES Aviso de privacidad para Recrew. I. Identificaci\u00f3n del responsable y tratamiento de sus datos personales. De conformidad con lo establecido en el Art\u00edculo 17, fracci\u00f3n II de la Ley Federal de Protecci\u00f3n de Datos Personales en Posesi\u00f3n de los Particulares, le informamos que Recrew, con domicilio en Plaza Delphi, Boulevard [&hellip;]<\/p>","protected":false},"author":1,"featured_media":0,"parent":0,"menu_order":0,"comment_status":"closed","ping_status":"closed","template":"","meta":{"_uag_custom_page_level_css":"","site-sidebar-layout":"default","site-content-layout":"","ast-site-content-layout":"default","site-content-style":"default","site-sidebar-style":"default","ast-global-header-display":"","ast-banner-title-visibility":"","ast-main-header-display":"","ast-hfb-above-header-display":"","ast-hfb-below-header-display":"","ast-hfb-mobile-header-display":"","site-post-title":"disabled","ast-breadcrumbs-content":"","ast-featured-img":"","footer-sml-layout":"","theme-transparent-header-meta":"","adv-header-id-meta":"","stick-header-meta":"","header-above-stick-meta":"","header-main-stick-meta":"","header-below-stick-meta":"","astra-migrate-meta-layouts":"set","ast-page-background-enabled":"default","ast-page-background-meta":{"desktop":{"background-color":"","background-image":"","background-repeat":"repeat","background-position":"center center","background-size":"auto","background-attachment":"scroll","background-type":"","background-media":"","overlay-type":"","overlay-color":"","overlay-opacity":"","overlay-gradient":""},"tablet":{"background-color":"","background-image":"","background-repeat":"repeat","background-position":"center center","background-size":"auto","background-attachment":"scroll","background-type":"","background-media":"","overlay-type":"","overlay-color":"","overlay-opacity":"","overlay-gradient":""},"mobile":{"background-color":"","background-image":"","background-repeat":"repeat","background-position":"center center","background-size":"auto","background-attachment":"scroll","background-type":"","background-media":"","overlay-type":"","overlay-color":"","overlay-opacity":"","overlay-gradient":""}},"ast-content-background-meta":{"desktop":{"background-color":"var(--ast-global-color-5)","background-image":"","background-repeat":"repeat","background-position":"center center","background-size":"auto","background-attachment":"scroll","background-type":"","background-media":"","overlay-type":"","overlay-color":"","overlay-opacity":"","overlay-gradient":""},"tablet":{"background-color":"var(--ast-global-color-5)","background-image":"","background-repeat":"repeat","background-position":"center center","background-size":"auto","background-attachment":"scroll","background-type":"","background-media":"","overlay-type":"","overlay-color":"","overlay-opacity":"","overlay-gradient":""},"mobile":{"background-color":"var(--ast-global-color-5)","background-image":"","background-repeat":"repeat","background-position":"center center","background-size":"auto","background-attachment":"scroll","background-type":"","background-media":"","overlay-type":"","overlay-color":"","overlay-opacity":"","overlay-gradient":""}},"footnotes":""},"class_list":["post-3","page","type-page","status-publish","hentry"],"uagb_featured_image_src":{"full":false,"thumbnail":false,"medium":false,"medium_large":false,"large":false,"1536x1536":false,"2048x2048":false,"trp-custom-language-flag":false},"uagb_author_info":{"display_name":"admin","author_link":"https:\/\/recrew.mx\/en\/author\/recrew_728tsszj\/"},"uagb_comment_info":0,"uagb_excerpt":"AVISO PRIVACIDAD CLIENTES Y PROVEEDORES Aviso de privacidad para Recrew. I. Identificaci\u00f3n del responsable y tratamiento de sus datos personales. De conformidad con lo establecido en el Art\u00edculo 17, fracci\u00f3n II de la Ley Federal de Protecci\u00f3n de Datos Personales en Posesi\u00f3n de los Particulares, le informamos que Recrew, con domicilio en Plaza Delphi, Boulevard&hellip;","_links":{"self":[{"href":"https:\/\/recrew.mx\/en\/wp-json\/wp\/v2\/pages\/3","targetHints":{"allow":["GET"]}}],"collection":[{"href":"https:\/\/recrew.mx\/en\/wp-json\/wp\/v2\/pages"}],"about":[{"href":"https:\/\/recrew.mx\/en\/wp-json\/wp\/v2\/types\/page"}],"author":[{"embeddable":true,"href":"https:\/\/recrew.mx\/en\/wp-json\/wp\/v2\/users\/1"}],"replies":[{"embeddable":true,"href":"https:\/\/recrew.mx\/en\/wp-json\/wp\/v2\/comments?post=3"}],"version-history":[{"count":4,"href":"https:\/\/recrew.mx\/en\/wp-json\/wp\/v2\/pages\/3\/revisions"}],"predecessor-version":[{"id":1344,"href":"https:\/\/recrew.mx\/en\/wp-json\/wp\/v2\/pages\/3\/revisions\/1344"}],"wp:attachment":[{"href":"https:\/\/recrew.mx\/en\/wp-json\/wp\/v2\/media?parent=3"}],"curies":[{"name":"wp","href":"https:\/\/api.w.org\/{rel}","templated":true}]}}