{"id":1297,"date":"2025-03-25T01:07:32","date_gmt":"2025-03-25T01:07:32","guid":{"rendered":"http:\/\/recrew.mx\/?page_id=1297"},"modified":"2025-03-26T03:09:44","modified_gmt":"2025-03-26T03:09:44","slug":"inversion-extranjera","status":"publish","type":"page","link":"https:\/\/recrew.mx\/en\/inicio\/inversion-extranjera\/","title":{"rendered":"Foreign Investment"},"content":{"rendered":"<h1>\n\t\t\t\tForeign Investment\n\t\t\t<\/h1>\n\t<p>We have supported over 100 foreign companies in their soft-landing process in Mexico, minimizing the risk and time for our clients when starting operations in the country.<\/p>\n\t\t\t\t<img loading=\"lazy\" decoding=\"async\" src=\"http:\/\/recrew.mx\/wp-content\/uploads\/2025\/03\/Recrew-Inversion_Extranjera-inteligencia_de_mercado.svg\" alt=\"Recrew-Inversion_Extranjera-inteligencia_de_mercado\" itemprop=\"image\" height=\"0\" width=\"0\" title=\"Recrew-Inversion_Extranjera-inteligencia_de_mercado\" onerror=\"this.style.display='none'\"  \/>\n\t<h3>\n\t\t\t\tMarket Intelligence\n\t\t\t<\/h3>\n\t\t\t<p>Presentar la informaci\u00f3n m\u00e1s relevante acerca de capital humano, enM\u00e9xico o alguna delas ubicaciones en particular, suficiente para tomar decisions de negocios.Facilitar informaci\u00f3n espec\u00edfica de costos, lista para ser utilizada en un caso de negocios.Proveer una explicaci\u00f3n detallada de los factores laborales m\u00e1s importantes para preparar a tu organizaci\u00f3n para el soft-landing en M\u00e9xico.An\u00e1lisis Espacial Econ\u00f3mico-Laboral: Llevamos a cabo un an\u00e1lisis de mercado laboral en cualquier parte de M\u00e9xico, buscando satisfacer la necesidad de informaci\u00f3n de nuestros clients de forma que complemente sus casos de negocio.<\/p>\t\n\t\t\t\t<img loading=\"lazy\" decoding=\"async\" src=\"http:\/\/recrew.mx\/wp-content\/uploads\/2025\/03\/Recrew-Inversion_Extranjera-reclutamiento.svg\" alt=\"Recrew-Inversion_Extranjera-reclutamiento\" itemprop=\"image\" height=\"0\" width=\"0\" title=\"Recrew-Inversion_Extranjera-reclutamiento\" onerror=\"this.style.display='none'\"  \/>\n\t<h3>\n\t\t\t\tSpecialized Recruitment\n\t\t\t<\/h3>\n\t\t\t<p>Encontramos al talento clave para iniciar tus operaciones en M\u00e9xico.Entendemos que requieres un equipo con experiencia en arranque de proyectos y nos aseguramos de encontrar el Director de Planta, Finanzas, Recursos Humanos y Log\u00edstica perfectos para tu compa\u00f1\u00eda.<\/p>\t\n\t\t\t\t<img loading=\"lazy\" decoding=\"async\" src=\"http:\/\/recrew.mx\/wp-content\/uploads\/2025\/03\/Recrew-Inversion_Extranjera-payrolling.svg\" alt=\"Recrew-Inversion_Extranjera-payrolling\" itemprop=\"image\" height=\"0\" width=\"0\" title=\"Recrew-Inversion_Extranjera-payrolling\" onerror=\"this.style.display='none'\"  \/>\n\t<h3>\n\t\t\t\tPayrolling\n\t\t\t<\/h3>\n\t\t\t<ul><li>Payroll parameterization according to the Client's needs.<\/li><\/ul><ul><li>Payroll calculation according to the agreed periods (weekly, biweekly, and monthly).<\/li><\/ul><ul><li>Determination of the basis for ISR (Income Tax) and Payroll Tax.<\/li><\/ul><ul><li>Calculation of PTU (Profit Sharing).<\/li><\/ul><ul><li>Determination of SUA (Social Security) payments.<\/li><\/ul><ul><li>Determination of the risk premium.<\/li><\/ul><ul><li>IMSS (Social Security) movements (registrations, and modifications).<\/li><\/ul><ul><li>Payroll reports.<\/li><\/ul>\t\n\t\t\t<h6>Do you have a position in which you require support?<\/h6><h2>Contact us<\/h2>\t\t\t\n\t\t\t\t<p>Leave us your contact information and we will send you our information and quote as soon as possible.<\/p>\n\t\n<div class=\"wpcf7 no-js\" id=\"wpcf7-f1326-o1\" lang=\"es-MX\" dir=\"ltr\" data-wpcf7-id=\"1326\">\n<div class=\"screen-reader-response\"><p role=\"status\" aria-live=\"polite\" aria-atomic=\"true\"><\/p> <ul><\/ul><\/div>\n<form action=\"\/en\/wp-json\/wp\/v2\/pages\/1297#wpcf7-f1326-o1\" method=\"post\" class=\"wpcf7-form init\" aria-label=\"Formulario de contacto\" novalidate=\"novalidate\" data-status=\"init\" data-trp-original-action=\"\/en\/wp-json\/wp\/v2\/pages\/1297#wpcf7-f1326-o1\">\n<div style=\"display: none;\">\n<input type=\"hidden\" name=\"_wpcf7\" value=\"1326\" \/>\n<input type=\"hidden\" name=\"_wpcf7_version\" value=\"6.0.5\" \/>\n<input type=\"hidden\" name=\"_wpcf7_locale\" value=\"es_MX\" \/>\n<input type=\"hidden\" name=\"_wpcf7_unit_tag\" value=\"wpcf7-f1326-o1\" \/>\n<input type=\"hidden\" name=\"_wpcf7_container_post\" value=\"0\" \/>\n<input type=\"hidden\" name=\"_wpcf7_posted_data_hash\" value=\"\" \/>\n<\/div>\n<p><span class=\"wpcf7-form-control-wrap\" data-name=\"your-name\"><input size=\"40\" maxlength=\"400\" class=\"wpcf7-form-control wpcf7-text wpcf7-validates-as-required\" aria-required=\"true\" aria-invalid=\"false\" placeholder=\"Name\" value=\"\" type=\"text\" name=\"your-name\" \/><\/span>\n<\/p>\n<p><span class=\"wpcf7-form-control-wrap\" data-name=\"your-email\"><input size=\"40\" maxlength=\"400\" class=\"wpcf7-form-control wpcf7-email wpcf7-validates-as-required wpcf7-text wpcf7-validates-as-email\" aria-required=\"true\" aria-invalid=\"false\" placeholder=\"Email\" value=\"\" type=\"email\" name=\"your-email\" \/><\/span>\n<\/p>\n<p><span class=\"wpcf7-form-control-wrap\" data-name=\"your-phone\"><input size=\"40\" maxlength=\"400\" class=\"wpcf7-form-control wpcf7-tel wpcf7-text wpcf7-validates-as-tel\" aria-invalid=\"false\" placeholder=\"Phone Number\" value=\"\" type=\"tel\" name=\"your-phone\" \/><\/span>\n<\/p>\n<p><span class=\"wpcf7-form-control-wrap\" data-name=\"your-company\"><input size=\"40\" maxlength=\"400\" class=\"wpcf7-form-control wpcf7-text\" aria-invalid=\"false\" placeholder=\"Current Company\" value=\"\" type=\"text\" name=\"your-company\" \/><\/span>\n<\/p>\n<p><span class=\"wpcf7-form-control-wrap\" data-name=\"your-position\"><input size=\"40\" maxlength=\"400\" class=\"wpcf7-form-control wpcf7-text\" aria-invalid=\"false\" placeholder=\"Current Position\" value=\"\" type=\"text\" name=\"your-position\" \/><\/span>\n<\/p>\n<p><span class=\"wpcf7-form-control-wrap\" data-name=\"your-desired_position\"><input size=\"40\" maxlength=\"400\" class=\"wpcf7-form-control wpcf7-text\" aria-invalid=\"false\" placeholder=\"Desired position\" value=\"\" type=\"text\" name=\"your-desired_position\" \/><\/span>\n<\/p>\n<p><span class=\"wpcf7-form-control-wrap\" data-name=\"acceptance-501\"><span class=\"wpcf7-form-control wpcf7-acceptance\"><span class=\"wpcf7-list-item\"><label><input type=\"checkbox\" name=\"acceptance-501\" value=\"1\" aria-invalid=\"false\" \/><span class=\"wpcf7-list-item-label\"><a href=\"https:\/\/recrew.mx\/en\/politica-de-privacidad\/\">Click here if you agree to the terms and conditions.<\/a><\/span><\/label><\/span><\/span><\/span>\n<\/p>\n<p><span class=\"wpcf7-form-control-wrap\" data-name=\"hcap-cf7\">\t\t<input\n\t\t\t\ttype=\"hidden\"\n\t\t\t\tclass=\"hcaptcha-widget-id\"\n\t\t\t\tname=\"hcaptcha-widget-id\"\n\t\t\t\tvalue=\"eyJzb3VyY2UiOlsiY29udGFjdC1mb3JtLTdcL3dwLWNvbnRhY3QtZm9ybS03LnBocCJdLCJmb3JtX2lkIjowfQ==-11b9ec84cae71b86f3897035dcd61a8e\">\n\t\t\t\t<span id=\"hcap_cf7-69dfe61c1ad033.18309396\" class=\"wpcf7-form-control h-captcha\"\n\t\t\t\tdata-sitekey=\"62b4c682-8adc-48ce-a31e-0c66716a0b20\"\n\t\t\t\tdata-theme=\"light\"\n\t\t\t\tdata-size=\"normal\"\n\t\t\t\tdata-auto=\"false\"\n\t\t\t\tdata-ajax=\"false\"\n\t\t\t\tdata-force=\"false\">\n\t\t<\/span>\n\t\t<input type=\"hidden\" id=\"_wpnonce\" name=\"_wpnonce\" value=\"5d66f33dbf\" \/><input type=\"hidden\" name=\"_wp_http_referer\" value=\"\/en\/wp-json\/wp\/v2\/pages\/1297\" \/><\/span><input class=\"wpcf7-form-control wpcf7-submit has-spinner\" type=\"submit\" value=\"SEND\" \/>\n<\/p><div class=\"wpcf7-response-output\" aria-hidden=\"true\"><\/div>\n<input type=\"hidden\" name=\"trp-form-language\" value=\"en\"\/><\/form>\n<\/div>","protected":false},"excerpt":{"rendered":"<p>Inversi\u00f3n extranjera Hemos apoyado a m\u00e1s de 100 empresas extranjeras en su proceso de soft-landing en M\u00e9xico, minimizando el riesgo y tiempo de nuestros clientes cuando inician operaciones en el pa\u00eds. Inteligencia de mercado Presentar la informaci\u00f3n m\u00e1s relevante acerca de capital humano, enM\u00e9xico o alguna delas ubicaciones en particular, suficiente para tomar decisions de [&hellip;]<\/p>","protected":false},"author":1,"featured_media":0,"parent":1207,"menu_order":0,"comment_status":"closed","ping_status":"closed","template":"","meta":{"_uag_custom_page_level_css":"","site-sidebar-layout":"default","site-content-layout":"","ast-site-content-layout":"full-width-container","site-content-style":"default","site-sidebar-style":"default","ast-global-header-display":"","ast-banner-title-visibility":"","ast-main-header-display":"","ast-hfb-above-header-display":"","ast-hfb-below-header-display":"","ast-hfb-mobile-header-display":"","site-post-title":"disabled","ast-breadcrumbs-content":"","ast-featured-img":"","footer-sml-layout":"","theme-transparent-header-meta":"","adv-header-id-meta":"","stick-header-meta":"","header-above-stick-meta":"","header-main-stick-meta":"","header-below-stick-meta":"","astra-migrate-meta-layouts":"set","ast-page-background-enabled":"default","ast-page-background-meta":{"desktop":{"background-color":"","background-image":"","background-repeat":"repeat","background-position":"center center","background-size":"auto","background-attachment":"scroll","background-type":"","background-media":"","overlay-type":"","overlay-color":"","overlay-opacity":"","overlay-gradient":""},"tablet":{"background-color":"","background-image":"","background-repeat":"repeat","background-position":"center center","background-size":"auto","background-attachment":"scroll","background-type":"","background-media":"","overlay-type":"","overlay-color":"","overlay-opacity":"","overlay-gradient":""},"mobile":{"background-color":"","background-image":"","background-repeat":"repeat","background-position":"center center","background-size":"auto","background-attachment":"scroll","background-type":"","background-media":"","overlay-type":"","overlay-color":"","overlay-opacity":"","overlay-gradient":""}},"ast-content-background-meta":{"desktop":{"background-color":"var(--ast-global-color-5)","background-image":"","background-repeat":"repeat","background-position":"center center","background-size":"auto","background-attachment":"scroll","background-type":"","background-media":"","overlay-type":"","overlay-color":"","overlay-opacity":"","overlay-gradient":""},"tablet":{"background-color":"var(--ast-global-color-5)","background-image":"","background-repeat":"repeat","background-position":"center center","background-size":"auto","background-attachment":"scroll","background-type":"","background-media":"","overlay-type":"","overlay-color":"","overlay-opacity":"","overlay-gradient":""},"mobile":{"background-color":"var(--ast-global-color-5)","background-image":"","background-repeat":"repeat","background-position":"center center","background-size":"auto","background-attachment":"scroll","background-type":"","background-media":"","overlay-type":"","overlay-color":"","overlay-opacity":"","overlay-gradient":""}},"footnotes":""},"class_list":["post-1297","page","type-page","status-publish","hentry"],"uagb_featured_image_src":{"full":false,"thumbnail":false,"medium":false,"medium_large":false,"large":false,"1536x1536":false,"2048x2048":false,"trp-custom-language-flag":false},"uagb_author_info":{"display_name":"admin","author_link":"https:\/\/recrew.mx\/en\/author\/recrew_728tsszj\/"},"uagb_comment_info":0,"uagb_excerpt":"Inversi\u00f3n extranjera Hemos apoyado a m\u00e1s de 100 empresas extranjeras en su proceso de soft-landing en M\u00e9xico, minimizando el riesgo y tiempo de nuestros clientes cuando inician operaciones en el pa\u00eds. Inteligencia de mercado Presentar la informaci\u00f3n m\u00e1s relevante acerca de capital humano, enM\u00e9xico o alguna delas ubicaciones en particular, suficiente para tomar decisions de&hellip;","_links":{"self":[{"href":"https:\/\/recrew.mx\/en\/wp-json\/wp\/v2\/pages\/1297","targetHints":{"allow":["GET"]}}],"collection":[{"href":"https:\/\/recrew.mx\/en\/wp-json\/wp\/v2\/pages"}],"about":[{"href":"https:\/\/recrew.mx\/en\/wp-json\/wp\/v2\/types\/page"}],"author":[{"embeddable":true,"href":"https:\/\/recrew.mx\/en\/wp-json\/wp\/v2\/users\/1"}],"replies":[{"embeddable":true,"href":"https:\/\/recrew.mx\/en\/wp-json\/wp\/v2\/comments?post=1297"}],"version-history":[{"count":4,"href":"https:\/\/recrew.mx\/en\/wp-json\/wp\/v2\/pages\/1297\/revisions"}],"predecessor-version":[{"id":1368,"href":"https:\/\/recrew.mx\/en\/wp-json\/wp\/v2\/pages\/1297\/revisions\/1368"}],"up":[{"embeddable":true,"href":"https:\/\/recrew.mx\/en\/wp-json\/wp\/v2\/pages\/1207"}],"wp:attachment":[{"href":"https:\/\/recrew.mx\/en\/wp-json\/wp\/v2\/media?parent=1297"}],"curies":[{"name":"wp","href":"https:\/\/api.w.org\/{rel}","templated":true}]}}