{"id":1279,"date":"2025-03-25T01:01:50","date_gmt":"2025-03-25T01:01:50","guid":{"rendered":"http:\/\/recrew.mx\/?page_id=1279"},"modified":"2025-03-26T03:05:52","modified_gmt":"2025-03-26T03:05:52","slug":"contacto","status":"publish","type":"page","link":"https:\/\/recrew.mx\/en\/inicio\/contacto\/","title":{"rendered":"Contact"},"content":{"rendered":"<h1>\n\t\t\t\tLet's Work Together\n\t\t\t<\/h1>\n\t\t\t<h6>Do you have a position in which you require support?<\/h6><h2>Contact us<\/h2>\t\t\t\n\t\t\t\t<p>Leave us your contact information and we will send you our information and quote as soon as possible.<\/p>\n\t\n<div class=\"wpcf7 no-js\" id=\"wpcf7-f1326-o1\" lang=\"es-MX\" dir=\"ltr\" data-wpcf7-id=\"1326\">\n<div class=\"screen-reader-response\"><p role=\"status\" aria-live=\"polite\" aria-atomic=\"true\"><\/p> <ul><\/ul><\/div>\n<form action=\"\/en\/wp-json\/wp\/v2\/pages\/1279#wpcf7-f1326-o1\" method=\"post\" class=\"wpcf7-form init\" aria-label=\"Formulario de contacto\" novalidate=\"novalidate\" data-status=\"init\" data-trp-original-action=\"\/en\/wp-json\/wp\/v2\/pages\/1279#wpcf7-f1326-o1\">\n<div style=\"display: none;\">\n<input type=\"hidden\" name=\"_wpcf7\" value=\"1326\" \/>\n<input type=\"hidden\" name=\"_wpcf7_version\" value=\"6.0.5\" \/>\n<input type=\"hidden\" name=\"_wpcf7_locale\" value=\"es_MX\" \/>\n<input type=\"hidden\" name=\"_wpcf7_unit_tag\" value=\"wpcf7-f1326-o1\" \/>\n<input type=\"hidden\" name=\"_wpcf7_container_post\" value=\"0\" \/>\n<input type=\"hidden\" name=\"_wpcf7_posted_data_hash\" value=\"\" \/>\n<\/div>\n<p><span class=\"wpcf7-form-control-wrap\" data-name=\"your-name\"><input size=\"40\" maxlength=\"400\" class=\"wpcf7-form-control wpcf7-text wpcf7-validates-as-required\" aria-required=\"true\" aria-invalid=\"false\" placeholder=\"Name\" value=\"\" type=\"text\" name=\"your-name\" \/><\/span>\n<\/p>\n<p><span class=\"wpcf7-form-control-wrap\" data-name=\"your-email\"><input size=\"40\" maxlength=\"400\" class=\"wpcf7-form-control wpcf7-email wpcf7-validates-as-required wpcf7-text wpcf7-validates-as-email\" aria-required=\"true\" aria-invalid=\"false\" placeholder=\"Email\" value=\"\" type=\"email\" name=\"your-email\" \/><\/span>\n<\/p>\n<p><span class=\"wpcf7-form-control-wrap\" data-name=\"your-phone\"><input size=\"40\" maxlength=\"400\" class=\"wpcf7-form-control wpcf7-tel wpcf7-text wpcf7-validates-as-tel\" aria-invalid=\"false\" placeholder=\"Phone Number\" value=\"\" type=\"tel\" name=\"your-phone\" \/><\/span>\n<\/p>\n<p><span class=\"wpcf7-form-control-wrap\" data-name=\"your-company\"><input size=\"40\" maxlength=\"400\" class=\"wpcf7-form-control wpcf7-text\" aria-invalid=\"false\" placeholder=\"Current Company\" value=\"\" type=\"text\" name=\"your-company\" \/><\/span>\n<\/p>\n<p><span class=\"wpcf7-form-control-wrap\" data-name=\"your-position\"><input size=\"40\" maxlength=\"400\" class=\"wpcf7-form-control wpcf7-text\" aria-invalid=\"false\" placeholder=\"Current Position\" value=\"\" type=\"text\" name=\"your-position\" \/><\/span>\n<\/p>\n<p><span class=\"wpcf7-form-control-wrap\" data-name=\"your-desired_position\"><input size=\"40\" maxlength=\"400\" class=\"wpcf7-form-control wpcf7-text\" aria-invalid=\"false\" placeholder=\"Desired position\" value=\"\" type=\"text\" name=\"your-desired_position\" \/><\/span>\n<\/p>\n<p><span class=\"wpcf7-form-control-wrap\" data-name=\"acceptance-501\"><span class=\"wpcf7-form-control wpcf7-acceptance\"><span class=\"wpcf7-list-item\"><label><input type=\"checkbox\" name=\"acceptance-501\" value=\"1\" aria-invalid=\"false\" \/><span class=\"wpcf7-list-item-label\"><a href=\"https:\/\/recrew.mx\/en\/politica-de-privacidad\/\">Click here if you agree to the terms and conditions.<\/a><\/span><\/label><\/span><\/span><\/span>\n<\/p>\n<p><span class=\"wpcf7-form-control-wrap\" data-name=\"hcap-cf7\">\t\t<input\n\t\t\t\ttype=\"hidden\"\n\t\t\t\tclass=\"hcaptcha-widget-id\"\n\t\t\t\tname=\"hcaptcha-widget-id\"\n\t\t\t\tvalue=\"eyJzb3VyY2UiOlsiY29udGFjdC1mb3JtLTdcL3dwLWNvbnRhY3QtZm9ybS03LnBocCJdLCJmb3JtX2lkIjowfQ==-11b9ec84cae71b86f3897035dcd61a8e\">\n\t\t\t\t<span id=\"hcap_cf7-69dfe654b03d68.53895393\" class=\"wpcf7-form-control h-captcha\"\n\t\t\t\tdata-sitekey=\"62b4c682-8adc-48ce-a31e-0c66716a0b20\"\n\t\t\t\tdata-theme=\"light\"\n\t\t\t\tdata-size=\"normal\"\n\t\t\t\tdata-auto=\"false\"\n\t\t\t\tdata-ajax=\"false\"\n\t\t\t\tdata-force=\"false\">\n\t\t<\/span>\n\t\t<input type=\"hidden\" id=\"_wpnonce\" name=\"_wpnonce\" value=\"5d66f33dbf\" \/><input type=\"hidden\" name=\"_wp_http_referer\" value=\"\/en\/wp-json\/wp\/v2\/pages\/1279\" \/><\/span><input class=\"wpcf7-form-control wpcf7-submit has-spinner\" type=\"submit\" value=\"SEND\" \/>\n<\/p><div class=\"wpcf7-response-output\" aria-hidden=\"true\"><\/div>\n<input type=\"hidden\" name=\"trp-form-language\" value=\"en\"\/><\/form>\n<\/div>\n\n\t<iframe src=\"https:\/\/www.google.com\/maps\/embed\/v1\/place?q=Av.+Ricardo+Margain+Zozaya+%23335%2C+Valle+del+Campestre%2C+66265+San+Pedro+Garza+Garc%C3%ADa%2C+N.L.&#038;key=AIzaSyD09zQ9PNDNNy9TadMuzRV_UsPUoWKntt8\" aria-hidden=\"true\"><\/iframe>\n\t<h6>\n\t\t\t\tOffice 1\n\t\t\t<\/h6>\n\t<h2>\n\t\t\t\tMonterrey\n\t\t\t<\/h2>\n\tRicardo Marg\u00e1in 335<br \/>\nTorre 1 Piso 4,<br \/>\nCol. Valle del Campestre,<br \/>\nC.P. 66265, SPGG, NL, MX\n\t<iframe src=\"https:\/\/www.google.com\/maps\/embed\/v1\/place?q=Blvd.+Antonio+L.+Rodr%C3%ADguez%2C+Cumbres+del+Valle%2C+64650+Monterrey%2C+N.L.&#038;key=AIzaSyD09zQ9PNDNNy9TadMuzRV_UsPUoWKntt8\" aria-hidden=\"true\"><\/iframe>\n\t<h6>\n\t\t\t\tOffice 2\n\t\t\t<\/h6>\n\t<h2>\n\t\t\t\tMonterrey\n\t\t\t<\/h2>\n\tPlaza Delphi<br \/>\nBlvd. Antonio L. Rodr\u00edguez 3062, Piso 5,<br \/>\nCol. Santa Mar\u00eda,<br \/>\nC.P. 64650, Monterrey, NL, MX\n\t<iframe src=\"https:\/\/www.google.com\/maps\/embed\/v1\/place?q=Torre+Santa+Isabel%2C+Boulevard+Nazario+San+Ortiz+Garza+2060%2C+Los+Lagos%2C+Saltillo%2C+Coah.&#038;key=AIzaSyD09zQ9PNDNNy9TadMuzRV_UsPUoWKntt8\" aria-hidden=\"true\"><\/iframe>\n\t<h6>\n\t\t\t\tOffice 3\n\t\t\t<\/h6>\n\t<h2>\n\t\t\t\tSaltillo\n\t\t\t<\/h2>\n\tTorre Santa Isabel, piso 9 oficina #918<br \/>\nBlvd. Nazario Ortiz Garza #2060<br \/>\nCol. Los Lagos<br \/>\nC.P. 25253, Saltillo Coahuila, MX","protected":false},"excerpt":{"rendered":"<p>Trabajemos juntos \u00bfTienes alguna vacante en la que requieras apoyo? Cont\u00e1ctanos D\u00e9janos tus datos e informaci\u00f3n y a la brevedad te haremos llegar nuestra informaci\u00f3n y cotizaci\u00f3n. Oficina 1 Monterrey Ricardo Marg\u00e1in 335 Torre 1 Piso 4, Col. Valle del Campestre, C.P. 66265, SPGG, NL, MX Oficina 2 Monterrey Plaza Delphi Blvd. Antonio L. Rodr\u00edguez [&hellip;]<\/p>","protected":false},"author":1,"featured_media":0,"parent":1207,"menu_order":0,"comment_status":"closed","ping_status":"closed","template":"","meta":{"_uag_custom_page_level_css":"","site-sidebar-layout":"default","site-content-layout":"","ast-site-content-layout":"full-width-container","site-content-style":"default","site-sidebar-style":"default","ast-global-header-display":"","ast-banner-title-visibility":"","ast-main-header-display":"","ast-hfb-above-header-display":"","ast-hfb-below-header-display":"","ast-hfb-mobile-header-display":"","site-post-title":"disabled","ast-breadcrumbs-content":"","ast-featured-img":"","footer-sml-layout":"","theme-transparent-header-meta":"","adv-header-id-meta":"","stick-header-meta":"","header-above-stick-meta":"","header-main-stick-meta":"","header-below-stick-meta":"","astra-migrate-meta-layouts":"set","ast-page-background-enabled":"default","ast-page-background-meta":{"desktop":{"background-color":"","background-image":"","background-repeat":"repeat","background-position":"center center","background-size":"auto","background-attachment":"scroll","background-type":"","background-media":"","overlay-type":"","overlay-color":"","overlay-opacity":"","overlay-gradient":""},"tablet":{"background-color":"","background-image":"","background-repeat":"repeat","background-position":"center center","background-size":"auto","background-attachment":"scroll","background-type":"","background-media":"","overlay-type":"","overlay-color":"","overlay-opacity":"","overlay-gradient":""},"mobile":{"background-color":"","background-image":"","background-repeat":"repeat","background-position":"center center","background-size":"auto","background-attachment":"scroll","background-type":"","background-media":"","overlay-type":"","overlay-color":"","overlay-opacity":"","overlay-gradient":""}},"ast-content-background-meta":{"desktop":{"background-color":"var(--ast-global-color-5)","background-image":"","background-repeat":"repeat","background-position":"center center","background-size":"auto","background-attachment":"scroll","background-type":"","background-media":"","overlay-type":"","overlay-color":"","overlay-opacity":"","overlay-gradient":""},"tablet":{"background-color":"var(--ast-global-color-5)","background-image":"","background-repeat":"repeat","background-position":"center center","background-size":"auto","background-attachment":"scroll","background-type":"","background-media":"","overlay-type":"","overlay-color":"","overlay-opacity":"","overlay-gradient":""},"mobile":{"background-color":"var(--ast-global-color-5)","background-image":"","background-repeat":"repeat","background-position":"center center","background-size":"auto","background-attachment":"scroll","background-type":"","background-media":"","overlay-type":"","overlay-color":"","overlay-opacity":"","overlay-gradient":""}},"footnotes":""},"class_list":["post-1279","page","type-page","status-publish","hentry"],"uagb_featured_image_src":{"full":false,"thumbnail":false,"medium":false,"medium_large":false,"large":false,"1536x1536":false,"2048x2048":false,"trp-custom-language-flag":false},"uagb_author_info":{"display_name":"admin","author_link":"https:\/\/recrew.mx\/en\/author\/recrew_728tsszj\/"},"uagb_comment_info":0,"uagb_excerpt":"Trabajemos juntos \u00bfTienes alguna vacante en la que requieras apoyo? Cont\u00e1ctanos D\u00e9janos tus datos e informaci\u00f3n y a la brevedad te haremos llegar nuestra informaci\u00f3n y cotizaci\u00f3n. Oficina 1 Monterrey Ricardo Marg\u00e1in 335 Torre 1 Piso 4, Col. Valle del Campestre, C.P. 66265, SPGG, NL, MX Oficina 2 Monterrey Plaza Delphi Blvd. Antonio L. Rodr\u00edguez&hellip;","_links":{"self":[{"href":"https:\/\/recrew.mx\/en\/wp-json\/wp\/v2\/pages\/1279","targetHints":{"allow":["GET"]}}],"collection":[{"href":"https:\/\/recrew.mx\/en\/wp-json\/wp\/v2\/pages"}],"about":[{"href":"https:\/\/recrew.mx\/en\/wp-json\/wp\/v2\/types\/page"}],"author":[{"embeddable":true,"href":"https:\/\/recrew.mx\/en\/wp-json\/wp\/v2\/users\/1"}],"replies":[{"embeddable":true,"href":"https:\/\/recrew.mx\/en\/wp-json\/wp\/v2\/comments?post=1279"}],"version-history":[{"count":6,"href":"https:\/\/recrew.mx\/en\/wp-json\/wp\/v2\/pages\/1279\/revisions"}],"predecessor-version":[{"id":1365,"href":"https:\/\/recrew.mx\/en\/wp-json\/wp\/v2\/pages\/1279\/revisions\/1365"}],"up":[{"embeddable":true,"href":"https:\/\/recrew.mx\/en\/wp-json\/wp\/v2\/pages\/1207"}],"wp:attachment":[{"href":"https:\/\/recrew.mx\/en\/wp-json\/wp\/v2\/media?parent=1279"}],"curies":[{"name":"wp","href":"https:\/\/api.w.org\/{rel}","templated":true}]}}