{"id":1274,"date":"2025-03-25T01:00:16","date_gmt":"2025-03-25T01:00:16","guid":{"rendered":"http:\/\/recrew.mx\/?page_id=1274"},"modified":"2025-03-26T03:03:50","modified_gmt":"2025-03-26T03:03:50","slug":"servicios","status":"publish","type":"page","link":"https:\/\/recrew.mx\/en\/inicio\/servicios\/","title":{"rendered":"Services"},"content":{"rendered":"<h1>\n\t\t\t\tOur Services\n\t\t\t<\/h1>\n<h2>\n\t\t\tWe find the talent that you need for your team\t<\/h2>\n\t<h6>\n\t\t\t\tThis is what we do\n\t\t\t<\/h6>\n\t<h2>\n\t\t\t\tOur Services\n\t\t\t<\/h2>\n\t\t\t\t<img loading=\"lazy\" decoding=\"async\" src=\"http:\/\/recrew.mx\/wp-content\/uploads\/2025\/03\/Recrew-Servicios-Atraccion_de_talento.svg\" alt=\"Recrew-Servicios-Atraccion_de_talento\" itemprop=\"image\" height=\"0\" width=\"0\" title=\"Recrew-Servicios-Atraccion_de_talento\" onerror=\"this.style.display='none'\"  \/>\n\t<h3>\n\t\t\t\tTalent Acquisition for Middle Management, Engineering and Staff\n\t\t\t<\/h3>\n\t\t\t<p>We are experts in finding talent for your team and your company.<\/p>\t\n\t<p>Through our methodology and knowledge of the labor market, we manage to match and attract the best talent for your company.<\/p>\n<p>Our specialty is the search for key profiles.<\/p>\n<ul>\n<li>Executive Level<\/li>\n<li>Managerial Levels<\/li>\n<li>High Specialization Search<\/li>\n<\/ul>\n\t\t\t\t<img loading=\"lazy\" decoding=\"async\" src=\"http:\/\/recrew.mx\/wp-content\/uploads\/2025\/03\/Recrew-Inicio-Servicios-Inteligencia_de_mercados.svg\" alt=\"Recrew-Inicio-Servicios-Inteligencia_de_mercados\" itemprop=\"image\" height=\"0\" width=\"0\" title=\"Recrew-Inicio-Servicios-Inteligencia_de_mercados\" onerror=\"this.style.display='none'\"  \/>\n\t<h3>\n\t\t\t\tMarket Intelligence\n\t\t\t<\/h3>\n\t\t\t<p>You set the goal, we provide the information to achieve it. Customized studies.<\/p>\t\n\t<p>We know the importance of reliable information for decision-making. We make customized studies that help our clients identify markets, areas of opportunity, and remain competitive in a changing labor market.<\/p>\n<ul>\n<li>Salary and wage studies<\/li>\n<li>Spatial studies (site location)<\/li>\n<li>Population growth studies<\/li>\n<\/ul>\n\t\t\t\t<img loading=\"lazy\" decoding=\"async\" src=\"http:\/\/recrew.mx\/wp-content\/uploads\/2025\/03\/Recrew-Inicio-Servicios-servicios_integrales.svg\" alt=\"Recrew-Inicio-Servicios-servicios_integrales\" itemprop=\"image\" height=\"0\" width=\"0\" title=\"Recrew-Inicio-Servicios-servicios_integrales\" onerror=\"this.style.display='none'\"  \/>\n\t<h3>\n\t\t\t\tComprehensive services\n\t\t\t<\/h3>\n\t\t\t<p>Validate before acting.<\/p>\t\n\t<p>Tools and research to complement our recruitment process. Let's reduce the risk in our hirings.<\/p>\n<ul>\n<li>Psychometric tests<\/li>\n<li>Labor investigations<\/li>\n<li>Investigations with federal entities<strong><br \/>\n<\/strong><\/li>\n<li>Socioeconomic studies<\/li>\n<\/ul>\n\t\t\t\t<img loading=\"lazy\" decoding=\"async\" src=\"http:\/\/recrew.mx\/wp-content\/uploads\/2025\/03\/Recrew-Inicio-Servicios-Reclutamiento_internacional.svg\" alt=\"Recrew-Inicio-Servicios-Reclutamiento_internacional\" itemprop=\"image\" height=\"0\" width=\"0\" title=\"Recrew-Inicio-Servicios-Reclutamiento_internacional\" onerror=\"this.style.display='none'\"  \/>\n\t<h3>\n\t\t\t\tHuman Resources Inplant\n\t\t\t<\/h3>\n\t\t\t<p>Our work team is yours.<\/p>\t\n\t<p>Expand your projects by optimizing costs with our specialized service under the REPSE legal framework.<\/p>\n<p>We hire specialized personnel for a specific period of time to carry out human resources activities within our clients' facilities.<\/p>\n\t\t\t<h6>Do you have a position in which you require support?<\/h6><h2>Contact us<\/h2>\t\t\t\n\t\t\t\t<p>Leave us your contact information and we will send you our information and quote as soon as possible.<\/p>\n\t\n<div class=\"wpcf7 no-js\" id=\"wpcf7-f1326-o1\" lang=\"es-MX\" dir=\"ltr\" data-wpcf7-id=\"1326\">\n<div class=\"screen-reader-response\"><p role=\"status\" aria-live=\"polite\" aria-atomic=\"true\"><\/p> <ul><\/ul><\/div>\n<form action=\"\/en\/wp-json\/wp\/v2\/pages\/1274#wpcf7-f1326-o1\" method=\"post\" class=\"wpcf7-form init\" aria-label=\"Formulario de contacto\" novalidate=\"novalidate\" data-status=\"init\" data-trp-original-action=\"\/en\/wp-json\/wp\/v2\/pages\/1274#wpcf7-f1326-o1\">\n<div style=\"display: none;\">\n<input type=\"hidden\" name=\"_wpcf7\" value=\"1326\" \/>\n<input type=\"hidden\" name=\"_wpcf7_version\" value=\"6.0.5\" \/>\n<input type=\"hidden\" name=\"_wpcf7_locale\" value=\"es_MX\" \/>\n<input type=\"hidden\" name=\"_wpcf7_unit_tag\" value=\"wpcf7-f1326-o1\" \/>\n<input type=\"hidden\" name=\"_wpcf7_container_post\" value=\"0\" \/>\n<input type=\"hidden\" name=\"_wpcf7_posted_data_hash\" value=\"\" \/>\n<\/div>\n<p><span class=\"wpcf7-form-control-wrap\" data-name=\"your-name\"><input size=\"40\" maxlength=\"400\" class=\"wpcf7-form-control wpcf7-text wpcf7-validates-as-required\" aria-required=\"true\" aria-invalid=\"false\" placeholder=\"Name\" value=\"\" type=\"text\" name=\"your-name\" \/><\/span>\n<\/p>\n<p><span class=\"wpcf7-form-control-wrap\" data-name=\"your-email\"><input size=\"40\" maxlength=\"400\" class=\"wpcf7-form-control wpcf7-email wpcf7-validates-as-required wpcf7-text wpcf7-validates-as-email\" aria-required=\"true\" aria-invalid=\"false\" placeholder=\"Email\" value=\"\" type=\"email\" name=\"your-email\" \/><\/span>\n<\/p>\n<p><span class=\"wpcf7-form-control-wrap\" data-name=\"your-phone\"><input size=\"40\" maxlength=\"400\" class=\"wpcf7-form-control wpcf7-tel wpcf7-text wpcf7-validates-as-tel\" aria-invalid=\"false\" placeholder=\"Phone Number\" value=\"\" type=\"tel\" name=\"your-phone\" \/><\/span>\n<\/p>\n<p><span class=\"wpcf7-form-control-wrap\" data-name=\"your-company\"><input size=\"40\" maxlength=\"400\" class=\"wpcf7-form-control wpcf7-text\" aria-invalid=\"false\" placeholder=\"Current Company\" value=\"\" type=\"text\" name=\"your-company\" \/><\/span>\n<\/p>\n<p><span class=\"wpcf7-form-control-wrap\" data-name=\"your-position\"><input size=\"40\" maxlength=\"400\" class=\"wpcf7-form-control wpcf7-text\" aria-invalid=\"false\" placeholder=\"Current Position\" value=\"\" type=\"text\" name=\"your-position\" \/><\/span>\n<\/p>\n<p><span class=\"wpcf7-form-control-wrap\" data-name=\"your-desired_position\"><input size=\"40\" maxlength=\"400\" class=\"wpcf7-form-control wpcf7-text\" aria-invalid=\"false\" placeholder=\"Desired position\" value=\"\" type=\"text\" name=\"your-desired_position\" \/><\/span>\n<\/p>\n<p><span class=\"wpcf7-form-control-wrap\" data-name=\"acceptance-501\"><span class=\"wpcf7-form-control wpcf7-acceptance\"><span class=\"wpcf7-list-item\"><label><input type=\"checkbox\" name=\"acceptance-501\" value=\"1\" aria-invalid=\"false\" \/><span class=\"wpcf7-list-item-label\"><a href=\"https:\/\/recrew.mx\/en\/politica-de-privacidad\/\">Click here if you agree to the terms and conditions.<\/a><\/span><\/label><\/span><\/span><\/span>\n<\/p>\n<p><span class=\"wpcf7-form-control-wrap\" data-name=\"hcap-cf7\">\t\t<input\n\t\t\t\ttype=\"hidden\"\n\t\t\t\tclass=\"hcaptcha-widget-id\"\n\t\t\t\tname=\"hcaptcha-widget-id\"\n\t\t\t\tvalue=\"eyJzb3VyY2UiOlsiY29udGFjdC1mb3JtLTdcL3dwLWNvbnRhY3QtZm9ybS03LnBocCJdLCJmb3JtX2lkIjowfQ==-11b9ec84cae71b86f3897035dcd61a8e\">\n\t\t\t\t<span id=\"hcap_cf7-69dffc6adc3a71.34104504\" class=\"wpcf7-form-control h-captcha\"\n\t\t\t\tdata-sitekey=\"62b4c682-8adc-48ce-a31e-0c66716a0b20\"\n\t\t\t\tdata-theme=\"light\"\n\t\t\t\tdata-size=\"normal\"\n\t\t\t\tdata-auto=\"false\"\n\t\t\t\tdata-ajax=\"false\"\n\t\t\t\tdata-force=\"false\">\n\t\t<\/span>\n\t\t<input type=\"hidden\" id=\"_wpnonce\" name=\"_wpnonce\" value=\"5d66f33dbf\" \/><input type=\"hidden\" name=\"_wp_http_referer\" value=\"\/en\/wp-json\/wp\/v2\/pages\/1274\" \/><\/span><input class=\"wpcf7-form-control wpcf7-submit has-spinner\" type=\"submit\" value=\"SEND\" \/>\n<\/p><div class=\"wpcf7-response-output\" aria-hidden=\"true\"><\/div>\n<input type=\"hidden\" name=\"trp-form-language\" value=\"en\"\/><\/form>\n<\/div>","protected":false},"excerpt":{"rendered":"<p>Nuestros servicios Encontramos el talento que necesitas para tu equipo de trabajo Esto es lo que hacemos Nuestros servicios Atraccion de talento mandos medios, ingenier\u00edas y staff Somos expertos en identificar y atraer el mejor talento para tu compa\u00f1\u00eda. A trav\u00e9s de nuestra metodolog\u00eda y conocimiento del mercado laborar, logramos empatar y atraer al mejor [&hellip;]<\/p>","protected":false},"author":1,"featured_media":0,"parent":1207,"menu_order":0,"comment_status":"closed","ping_status":"closed","template":"","meta":{"_uag_custom_page_level_css":"","site-sidebar-layout":"default","site-content-layout":"","ast-site-content-layout":"full-width-container","site-content-style":"default","site-sidebar-style":"default","ast-global-header-display":"","ast-banner-title-visibility":"","ast-main-header-display":"","ast-hfb-above-header-display":"","ast-hfb-below-header-display":"","ast-hfb-mobile-header-display":"","site-post-title":"disabled","ast-breadcrumbs-content":"","ast-featured-img":"","footer-sml-layout":"","theme-transparent-header-meta":"","adv-header-id-meta":"","stick-header-meta":"","header-above-stick-meta":"","header-main-stick-meta":"","header-below-stick-meta":"","astra-migrate-meta-layouts":"set","ast-page-background-enabled":"default","ast-page-background-meta":{"desktop":{"background-color":"","background-image":"","background-repeat":"repeat","background-position":"center center","background-size":"auto","background-attachment":"scroll","background-type":"","background-media":"","overlay-type":"","overlay-color":"","overlay-opacity":"","overlay-gradient":""},"tablet":{"background-color":"","background-image":"","background-repeat":"repeat","background-position":"center center","background-size":"auto","background-attachment":"scroll","background-type":"","background-media":"","overlay-type":"","overlay-color":"","overlay-opacity":"","overlay-gradient":""},"mobile":{"background-color":"","background-image":"","background-repeat":"repeat","background-position":"center center","background-size":"auto","background-attachment":"scroll","background-type":"","background-media":"","overlay-type":"","overlay-color":"","overlay-opacity":"","overlay-gradient":""}},"ast-content-background-meta":{"desktop":{"background-color":"var(--ast-global-color-5)","background-image":"","background-repeat":"repeat","background-position":"center center","background-size":"auto","background-attachment":"scroll","background-type":"","background-media":"","overlay-type":"","overlay-color":"","overlay-opacity":"","overlay-gradient":""},"tablet":{"background-color":"var(--ast-global-color-5)","background-image":"","background-repeat":"repeat","background-position":"center center","background-size":"auto","background-attachment":"scroll","background-type":"","background-media":"","overlay-type":"","overlay-color":"","overlay-opacity":"","overlay-gradient":""},"mobile":{"background-color":"var(--ast-global-color-5)","background-image":"","background-repeat":"repeat","background-position":"center center","background-size":"auto","background-attachment":"scroll","background-type":"","background-media":"","overlay-type":"","overlay-color":"","overlay-opacity":"","overlay-gradient":""}},"footnotes":""},"class_list":["post-1274","page","type-page","status-publish","hentry"],"uagb_featured_image_src":{"full":false,"thumbnail":false,"medium":false,"medium_large":false,"large":false,"1536x1536":false,"2048x2048":false,"trp-custom-language-flag":false},"uagb_author_info":{"display_name":"admin","author_link":"https:\/\/recrew.mx\/en\/author\/recrew_728tsszj\/"},"uagb_comment_info":0,"uagb_excerpt":"Nuestros servicios Encontramos el talento que necesitas para tu equipo de trabajo Esto es lo que hacemos Nuestros servicios Atraccion de talento mandos medios, ingenier\u00edas y staff Somos expertos en identificar y atraer el mejor talento para tu compa\u00f1\u00eda. A trav\u00e9s de nuestra metodolog\u00eda y conocimiento del mercado laborar, logramos empatar y atraer al mejor&hellip;","_links":{"self":[{"href":"https:\/\/recrew.mx\/en\/wp-json\/wp\/v2\/pages\/1274","targetHints":{"allow":["GET"]}}],"collection":[{"href":"https:\/\/recrew.mx\/en\/wp-json\/wp\/v2\/pages"}],"about":[{"href":"https:\/\/recrew.mx\/en\/wp-json\/wp\/v2\/types\/page"}],"author":[{"embeddable":true,"href":"https:\/\/recrew.mx\/en\/wp-json\/wp\/v2\/users\/1"}],"replies":[{"embeddable":true,"href":"https:\/\/recrew.mx\/en\/wp-json\/wp\/v2\/comments?post=1274"}],"version-history":[{"count":5,"href":"https:\/\/recrew.mx\/en\/wp-json\/wp\/v2\/pages\/1274\/revisions"}],"predecessor-version":[{"id":1363,"href":"https:\/\/recrew.mx\/en\/wp-json\/wp\/v2\/pages\/1274\/revisions\/1363"}],"up":[{"embeddable":true,"href":"https:\/\/recrew.mx\/en\/wp-json\/wp\/v2\/pages\/1207"}],"wp:attachment":[{"href":"https:\/\/recrew.mx\/en\/wp-json\/wp\/v2\/media?parent=1274"}],"curies":[{"name":"wp","href":"https:\/\/api.w.org\/{rel}","templated":true}]}}