{"id":1212,"date":"2025-03-25T00:03:26","date_gmt":"2025-03-25T00:03:26","guid":{"rendered":"http:\/\/recrew.mx\/?page_id=1212"},"modified":"2025-09-05T00:21:05","modified_gmt":"2025-09-05T00:21:05","slug":"nosotros","status":"publish","type":"page","link":"https:\/\/recrew.mx\/en\/inicio\/nosotros\/","title":{"rendered":"About Us"},"content":{"rendered":"<h1>\n\t\t\t\tAbout Us\n\t\t\t<\/h1>\n\t<h2>\n\t\t\t\tAreas of Expertise\n\t\t\t<\/h2>\n\t\t\t\t<img decoding=\"async\" src=\"http:\/\/recrew.mx\/wp-content\/uploads\/2025\/03\/Recrew-Nosotros-especialidad-I.svg\" alt=\"Recrew-Nosotros-especialidad-I\" title=\"Recrew-Nosotros-especialidad-I\" itemprop=\"image\"\/>\n\t<p>SALES AND MARKETING<\/p>\n\t\t\t\t<img decoding=\"async\" src=\"http:\/\/recrew.mx\/wp-content\/uploads\/2025\/03\/Recrew-Nosotros-especialidad-B.svg\" alt=\"Recrew-Nosotros-especialidad-B\" title=\"Recrew-Nosotros-especialidad-B\" itemprop=\"image\"\/>\n\t<p>ENGINEERING AND MANUFACTURING<\/p>\n\t\t\t\t<img decoding=\"async\" src=\"http:\/\/recrew.mx\/wp-content\/uploads\/2025\/03\/Recrew-Nosotros-especialidad-G.svg\" alt=\"Recrew-Nosotros-especialidad-G\" title=\"Recrew-Nosotros-especialidad-G\" itemprop=\"image\"\/>\n\t<p>LOGISTICS AND SUPPLY CHAIN<\/p>\n\t\t\t\t<img decoding=\"async\" src=\"http:\/\/recrew.mx\/wp-content\/uploads\/2025\/03\/Recrew-Nosotros-especialidad-F.svg\" alt=\"Recrew-Nosotros-especialidad-F\" title=\"Recrew-Nosotros-especialidad-F\" itemprop=\"image\"\/>\n\t<p>INFORMATION TECHNOLOGY<\/p>\n\t\t\t\t<img decoding=\"async\" src=\"http:\/\/recrew.mx\/wp-content\/uploads\/2025\/03\/Recrew-Nosotros-especialidad-J.svg\" alt=\"Recrew-Nosotros-especialidad-J\" title=\"Recrew-Nosotros-especialidad-J\" itemprop=\"image\"\/>\n\t<p>ADMINISTRATION AND FINANCE<\/p>\n\t\t\t\t<img decoding=\"async\" src=\"http:\/\/recrew.mx\/wp-content\/uploads\/2025\/03\/Recrew-Nosotros-especialidad-A.svg\" alt=\"Recrew-Nosotros-especialidad-A\" title=\"Recrew-Nosotros-especialidad-A\" itemprop=\"image\"\/>\n\t<p>HUMAN RESOURCES<\/p>\n\t\t\t\t<img decoding=\"async\" src=\"http:\/\/recrew.mx\/wp-content\/uploads\/2025\/03\/Recrew-Nosotros-especialidad-H.svg\" alt=\"Recrew-Nosotros-especialidad-H\" title=\"Recrew-Nosotros-especialidad-H\" itemprop=\"image\"\/>\n\t<p>CONSTRUCTION AND DEVELOPMENT<\/p>\n\t\t\t\t<img decoding=\"async\" src=\"http:\/\/recrew.mx\/wp-content\/uploads\/2025\/03\/Recrew-Nosotros-especialidad-E.svg\" alt=\"Recrew-Nosotros-especialidad-E\" title=\"Recrew-Nosotros-especialidad-E\" itemprop=\"image\"\/>\n\t<p>Legal<\/p>\n\t\t\t\t<img decoding=\"async\" src=\"http:\/\/recrew.mx\/wp-content\/uploads\/2025\/03\/Recrew-Nosotros-especialidad-C.svg\" alt=\"Recrew-Nosotros-especialidad-C\" title=\"Recrew-Nosotros-especialidad-C\" itemprop=\"image\"\/>\n\t<p>Retail<\/p>\n\t\t\t\t<img decoding=\"async\" src=\"http:\/\/recrew.mx\/wp-content\/uploads\/2025\/03\/Recrew-Nosotros-especialidad-D.svg\" alt=\"Recrew-Nosotros-especialidad-D\" title=\"Recrew-Nosotros-especialidad-D\" itemprop=\"image\"\/>\n\t<p>Oil &amp; gas<\/p>\n\t<h6>\n\t\t\t\tHow We Work\n\t\t\t<\/h6>\n\t<h2>\n\t\t\t\tOur Methodology\n\t\t\t<\/h2>\n\t\t\t\t<img decoding=\"async\" src=\"http:\/\/recrew.mx\/wp-content\/uploads\/2025\/03\/Recrew-Metodologia-1.svg\" alt=\"Recrew-Metodologia-1\" title=\"Recrew-Metodologia-1\" itemprop=\"image\"\/>\n\t\t<h3>Process Start<\/h3>\t\t\t\n\t\t\t\t<img decoding=\"async\" src=\"http:\/\/recrew.mx\/wp-content\/uploads\/2025\/03\/Recrew-Metodologia-2.svg\" alt=\"Recrew-Metodologia-2\" title=\"Recrew-Metodologia-2\" itemprop=\"image\"\/>\n\t\t<h3>Understanding the Company Culture<\/h3>\t\t\t\n\t\t\t\t<img decoding=\"async\" src=\"http:\/\/recrew.mx\/wp-content\/uploads\/2025\/03\/Recrew-Metodologia-3.svg\" alt=\"Recrew-Metodologia-3\" title=\"Recrew-Metodologia-3\" itemprop=\"image\"\/>\n\t\t<h3>Getting to Know the Internal Client<\/h3>\t\t\t\n\t\t\t\t<img decoding=\"async\" src=\"http:\/\/recrew.mx\/wp-content\/uploads\/2025\/03\/Recrew-Metodologia-4.svg\" alt=\"Recrew-Metodologia-4\" title=\"Recrew-Metodologia-4\" itemprop=\"image\"\/>\n\t\t<h3>Gathering and Understanding the Position <\/h3>\t\t\t\n\t\t\t\t<img decoding=\"async\" src=\"http:\/\/recrew.mx\/wp-content\/uploads\/2025\/03\/Recrew-Metodologia-5.svg\" alt=\"Recrew-Metodologia-5\" title=\"Recrew-Metodologia-5\" itemprop=\"image\"\/>\n\t\t<h3>Searching for and Identifying Candidates<\/h3>\t\t\t\n\t\t\t\t<img decoding=\"async\" src=\"http:\/\/recrew.mx\/wp-content\/uploads\/2025\/03\/Recrew-Metodologia-6.svg\" alt=\"Recrew-Metodologia-6\" title=\"Recrew-Metodologia-6\" itemprop=\"image\"\/>\n\t\t<h3>Candidate Interviews by Our Consultants<\/h3>\t\t\t\n\t\t\t\t<img decoding=\"async\" src=\"http:\/\/recrew.mx\/wp-content\/uploads\/2025\/03\/Recrew-Metodologia-7.svg\" alt=\"Recrew-Metodologia-7\" title=\"Recrew-Metodologia-7\" itemprop=\"image\"\/>\n\t\t<h3>Presentation of Candidates by Spectal to the Client<\/h3>\t\t\t\n\t\t\t\t<img decoding=\"async\" src=\"http:\/\/recrew.mx\/wp-content\/uploads\/2025\/03\/Recrew-Metodologia-8.svg\" alt=\"Recrew-Metodologia-8\" title=\"Recrew-Metodologia-8\" itemprop=\"image\"\/>\n\t\t<h3>Internal Selection Process by Our Client<\/h3>\t\t\t\n\t\t\t\t<img decoding=\"async\" src=\"http:\/\/recrew.mx\/wp-content\/uploads\/2025\/03\/Recrew-Metodologia-9.svg\" alt=\"Recrew-Metodologia-9\" title=\"Recrew-Metodologia-9\" itemprop=\"image\"\/>\n\t\t<h3>Reference Checks<\/h3>\t\t\t\n\t\t\t\t<img decoding=\"async\" src=\"http:\/\/recrew.mx\/wp-content\/uploads\/2025\/03\/Recrew-Metodologia-10.svg\" alt=\"Recrew-Metodologia-10\" title=\"Recrew-Metodologia-10\" itemprop=\"image\"\/>\n\t\t<h3>Psychometric Evaluations<\/h3>\t\t\t\n\t\t\t\t<img decoding=\"async\" src=\"http:\/\/recrew.mx\/wp-content\/uploads\/2025\/03\/Recrew-Metodologia-11.svg\" alt=\"Recrew-Metodologia-11\" title=\"Recrew-Metodologia-11\" itemprop=\"image\"\/>\n\t\t<h3>Assistance with Closing and Negotiation with the Candidate<\/h3>\t\t\t\n\t\t\t\t<img decoding=\"async\" src=\"http:\/\/recrew.mx\/wp-content\/uploads\/2025\/03\/Recrew-Metodologia-12.svg\" alt=\"Recrew-Metodologia-12\" title=\"Recrew-Metodologia-12\" itemprop=\"image\"\/>\n\t\t<h3>Final Presentation and Offer<\/h3>\t\t\t\n\t<h6>\n\t\t\t\tWhat make us different\n\t\t\t<\/h6>\n\t<h2>\n\t\t\t\tOur Values\n\t\t\t<\/h2>\n\t\t\t<p>Since our foundation, the most important thing for us has been creating lasting human relationships that generate benefit and value. Here are some of our core values.<\/p>\t\n\t<ul>\n\t\t<li>\t\t\t\t\n\t\t<h4>Integrity<\/h4><\/li><li>\t\t\t\t\n\t\t<h4>Innovation<\/h4><\/li><li>\t\t\t\t\n\t\t<h4>Work ethics<\/h4><\/li><li>\t\t\t\t\n\t\t<h4>Collaboration<\/h4><\/li><li>\t\t\t\t\n\t\t<h4>professional development<\/h4><\/li>\t<\/ul>\n\t\t\t<h6>Do you have a position in which you require support?<\/h6><h2>Contact us<\/h2>\t\t\t\n\t\t\t\t<p>Leave us your contact information and we will send you our information and quote as soon as possible.<\/p>\n\t\n<div class=\"wpcf7 no-js\" id=\"wpcf7-f1326-o1\" lang=\"es-MX\" dir=\"ltr\" data-wpcf7-id=\"1326\">\n<div class=\"screen-reader-response\"><p role=\"status\" aria-live=\"polite\" aria-atomic=\"true\"><\/p> <ul><\/ul><\/div>\n<form action=\"\/en\/wp-json\/wp\/v2\/pages\/1212#wpcf7-f1326-o1\" method=\"post\" class=\"wpcf7-form init\" aria-label=\"Formulario de contacto\" novalidate=\"novalidate\" data-status=\"init\" data-trp-original-action=\"\/en\/wp-json\/wp\/v2\/pages\/1212#wpcf7-f1326-o1\">\n<div style=\"display: none;\">\n<input type=\"hidden\" name=\"_wpcf7\" value=\"1326\" \/>\n<input type=\"hidden\" name=\"_wpcf7_version\" value=\"6.0.5\" \/>\n<input type=\"hidden\" name=\"_wpcf7_locale\" value=\"es_MX\" \/>\n<input type=\"hidden\" name=\"_wpcf7_unit_tag\" value=\"wpcf7-f1326-o1\" \/>\n<input type=\"hidden\" name=\"_wpcf7_container_post\" value=\"0\" \/>\n<input type=\"hidden\" name=\"_wpcf7_posted_data_hash\" value=\"\" \/>\n<\/div>\n<p><span class=\"wpcf7-form-control-wrap\" data-name=\"your-name\"><input size=\"40\" maxlength=\"400\" class=\"wpcf7-form-control wpcf7-text wpcf7-validates-as-required\" aria-required=\"true\" aria-invalid=\"false\" placeholder=\"Name\" value=\"\" type=\"text\" name=\"your-name\" \/><\/span>\n<\/p>\n<p><span class=\"wpcf7-form-control-wrap\" data-name=\"your-email\"><input size=\"40\" maxlength=\"400\" class=\"wpcf7-form-control wpcf7-email wpcf7-validates-as-required wpcf7-text wpcf7-validates-as-email\" aria-required=\"true\" aria-invalid=\"false\" placeholder=\"Email\" value=\"\" type=\"email\" name=\"your-email\" \/><\/span>\n<\/p>\n<p><span class=\"wpcf7-form-control-wrap\" data-name=\"your-phone\"><input size=\"40\" maxlength=\"400\" class=\"wpcf7-form-control wpcf7-tel wpcf7-text wpcf7-validates-as-tel\" aria-invalid=\"false\" placeholder=\"Phone Number\" value=\"\" type=\"tel\" name=\"your-phone\" \/><\/span>\n<\/p>\n<p><span class=\"wpcf7-form-control-wrap\" data-name=\"your-company\"><input size=\"40\" maxlength=\"400\" class=\"wpcf7-form-control wpcf7-text\" aria-invalid=\"false\" placeholder=\"Current Company\" value=\"\" type=\"text\" name=\"your-company\" \/><\/span>\n<\/p>\n<p><span class=\"wpcf7-form-control-wrap\" data-name=\"your-position\"><input size=\"40\" maxlength=\"400\" class=\"wpcf7-form-control wpcf7-text\" aria-invalid=\"false\" placeholder=\"Current Position\" value=\"\" type=\"text\" name=\"your-position\" \/><\/span>\n<\/p>\n<p><span class=\"wpcf7-form-control-wrap\" data-name=\"your-desired_position\"><input size=\"40\" maxlength=\"400\" class=\"wpcf7-form-control wpcf7-text\" aria-invalid=\"false\" placeholder=\"Desired position\" value=\"\" type=\"text\" name=\"your-desired_position\" \/><\/span>\n<\/p>\n<p><span class=\"wpcf7-form-control-wrap\" data-name=\"acceptance-501\"><span class=\"wpcf7-form-control wpcf7-acceptance\"><span class=\"wpcf7-list-item\"><label><input type=\"checkbox\" name=\"acceptance-501\" value=\"1\" aria-invalid=\"false\" \/><span class=\"wpcf7-list-item-label\"><a href=\"https:\/\/recrew.mx\/en\/politica-de-privacidad\/\">Click here if you agree to the terms and conditions.<\/a><\/span><\/label><\/span><\/span><\/span>\n<\/p>\n<p><span class=\"wpcf7-form-control-wrap\" data-name=\"hcap-cf7\">\t\t<input\n\t\t\t\ttype=\"hidden\"\n\t\t\t\tclass=\"hcaptcha-widget-id\"\n\t\t\t\tname=\"hcaptcha-widget-id\"\n\t\t\t\tvalue=\"eyJzb3VyY2UiOlsiY29udGFjdC1mb3JtLTdcL3dwLWNvbnRhY3QtZm9ybS03LnBocCJdLCJmb3JtX2lkIjowfQ==-11b9ec84cae71b86f3897035dcd61a8e\">\n\t\t\t\t<span id=\"hcap_cf7-69dfe6780eb846.17857533\" class=\"wpcf7-form-control h-captcha\"\n\t\t\t\tdata-sitekey=\"62b4c682-8adc-48ce-a31e-0c66716a0b20\"\n\t\t\t\tdata-theme=\"light\"\n\t\t\t\tdata-size=\"normal\"\n\t\t\t\tdata-auto=\"false\"\n\t\t\t\tdata-ajax=\"false\"\n\t\t\t\tdata-force=\"false\">\n\t\t<\/span>\n\t\t<input type=\"hidden\" id=\"_wpnonce\" name=\"_wpnonce\" value=\"5d66f33dbf\" \/><input type=\"hidden\" name=\"_wp_http_referer\" value=\"\/en\/wp-json\/wp\/v2\/pages\/1212\" \/><\/span><input class=\"wpcf7-form-control wpcf7-submit has-spinner\" type=\"submit\" value=\"SEND\" \/>\n<\/p><div class=\"wpcf7-response-output\" aria-hidden=\"true\"><\/div>\n<input type=\"hidden\" name=\"trp-form-language\" value=\"en\"\/><\/form>\n<\/div>","protected":false},"excerpt":{"rendered":"<p>Sobre nosotros \u00c1reas de especialidad Ventas y mercadotecnia Ingenier\u00eda y manufactura Log\u00edstica y cadena de suministro Tecnologias de la informaci\u00f3n Administraci\u00f3n y finanzas Recursos humanos Construcci\u00f3n y desarrollo Legal Retail Oil &amp; gas C\u00f3mo trabajamos Nuestra metodolog\u00eda Inicio de proceso Conocer la cultura de la empresa Conocer al cliente interno del cual depende la vacante [&hellip;]<\/p>","protected":false},"author":1,"featured_media":0,"parent":1207,"menu_order":0,"comment_status":"closed","ping_status":"closed","template":"","meta":{"_uag_custom_page_level_css":"","site-sidebar-layout":"default","site-content-layout":"","ast-site-content-layout":"full-width-container","site-content-style":"default","site-sidebar-style":"default","ast-global-header-display":"","ast-banner-title-visibility":"","ast-main-header-display":"","ast-hfb-above-header-display":"","ast-hfb-below-header-display":"","ast-hfb-mobile-header-display":"","site-post-title":"disabled","ast-breadcrumbs-content":"","ast-featured-img":"","footer-sml-layout":"","theme-transparent-header-meta":"","adv-header-id-meta":"","stick-header-meta":"","header-above-stick-meta":"","header-main-stick-meta":"","header-below-stick-meta":"","astra-migrate-meta-layouts":"set","ast-page-background-enabled":"default","ast-page-background-meta":{"desktop":{"background-color":"","background-image":"","background-repeat":"repeat","background-position":"center center","background-size":"auto","background-attachment":"scroll","background-type":"","background-media":"","overlay-type":"","overlay-color":"","overlay-opacity":"","overlay-gradient":""},"tablet":{"background-color":"","background-image":"","background-repeat":"repeat","background-position":"center center","background-size":"auto","background-attachment":"scroll","background-type":"","background-media":"","overlay-type":"","overlay-color":"","overlay-opacity":"","overlay-gradient":""},"mobile":{"background-color":"","background-image":"","background-repeat":"repeat","background-position":"center center","background-size":"auto","background-attachment":"scroll","background-type":"","background-media":"","overlay-type":"","overlay-color":"","overlay-opacity":"","overlay-gradient":""}},"ast-content-background-meta":{"desktop":{"background-color":"var(--ast-global-color-5)","background-image":"","background-repeat":"repeat","background-position":"center center","background-size":"auto","background-attachment":"scroll","background-type":"","background-media":"","overlay-type":"","overlay-color":"","overlay-opacity":"","overlay-gradient":""},"tablet":{"background-color":"var(--ast-global-color-5)","background-image":"","background-repeat":"repeat","background-position":"center center","background-size":"auto","background-attachment":"scroll","background-type":"","background-media":"","overlay-type":"","overlay-color":"","overlay-opacity":"","overlay-gradient":""},"mobile":{"background-color":"var(--ast-global-color-5)","background-image":"","background-repeat":"repeat","background-position":"center center","background-size":"auto","background-attachment":"scroll","background-type":"","background-media":"","overlay-type":"","overlay-color":"","overlay-opacity":"","overlay-gradient":""}},"footnotes":""},"class_list":["post-1212","page","type-page","status-publish","hentry"],"uagb_featured_image_src":{"full":false,"thumbnail":false,"medium":false,"medium_large":false,"large":false,"1536x1536":false,"2048x2048":false,"trp-custom-language-flag":false},"uagb_author_info":{"display_name":"admin","author_link":"https:\/\/recrew.mx\/en\/author\/recrew_728tsszj\/"},"uagb_comment_info":0,"uagb_excerpt":"Sobre nosotros \u00c1reas de especialidad Ventas y mercadotecnia Ingenier\u00eda y manufactura Log\u00edstica y cadena de suministro Tecnologias de la informaci\u00f3n Administraci\u00f3n y finanzas Recursos humanos Construcci\u00f3n y desarrollo Legal Retail Oil &amp; gas C\u00f3mo trabajamos Nuestra metodolog\u00eda Inicio de proceso Conocer la cultura de la empresa Conocer al cliente interno del cual depende la vacante&hellip;","_links":{"self":[{"href":"https:\/\/recrew.mx\/en\/wp-json\/wp\/v2\/pages\/1212","targetHints":{"allow":["GET"]}}],"collection":[{"href":"https:\/\/recrew.mx\/en\/wp-json\/wp\/v2\/pages"}],"about":[{"href":"https:\/\/recrew.mx\/en\/wp-json\/wp\/v2\/types\/page"}],"author":[{"embeddable":true,"href":"https:\/\/recrew.mx\/en\/wp-json\/wp\/v2\/users\/1"}],"replies":[{"embeddable":true,"href":"https:\/\/recrew.mx\/en\/wp-json\/wp\/v2\/comments?post=1212"}],"version-history":[{"count":8,"href":"https:\/\/recrew.mx\/en\/wp-json\/wp\/v2\/pages\/1212\/revisions"}],"predecessor-version":[{"id":1381,"href":"https:\/\/recrew.mx\/en\/wp-json\/wp\/v2\/pages\/1212\/revisions\/1381"}],"up":[{"embeddable":true,"href":"https:\/\/recrew.mx\/en\/wp-json\/wp\/v2\/pages\/1207"}],"wp:attachment":[{"href":"https:\/\/recrew.mx\/en\/wp-json\/wp\/v2\/media?parent=1212"}],"curies":[{"name":"wp","href":"https:\/\/api.w.org\/{rel}","templated":true}]}}